{"id":57,"date":"2023-06-06T16:26:31","date_gmt":"2023-06-06T16:26:31","guid":{"rendered":"https:\/\/prct.es\/?page_id=57"},"modified":"2026-03-15T13:59:15","modified_gmt":"2026-03-15T13:59:15","slug":"novedades-en-maquinas-fregadoras-para-suelos","status":"publish","type":"page","link":"https:\/\/prct.es\/?page_id=57","title":{"rendered":"Novedades"},"content":{"rendered":"\n<\/style>\n\n<div class=\"bloque-novedad-prct\">\n  <h2>\u00a1Novedades! M\u00e1quina Fregadora Rotowash 40S<\/h2>\n<\/div>\n\n\n<div class=\"wp-block-image\">\n<figure class=\"aligncenter size-full is-resized\"><a href=\"https:\/\/prct.es\/?page_id=2742\" target=\"_blank\" rel=\" noreferrer noopener\"><img fetchpriority=\"high\" decoding=\"async\" width=\"346\" height=\"573\" src=\"https:\/\/prct.es\/wp-content\/uploads\/2026\/03\/Fregadora-de-Suelo-Rotowash-40S-1.png\" alt=\"\" class=\"wp-image-2785\" style=\"aspect-ratio:0.6038451049904554;width:230px;height:auto\" srcset=\"https:\/\/prct.es\/wp-content\/uploads\/2026\/03\/Fregadora-de-Suelo-Rotowash-40S-1.png 346w, https:\/\/prct.es\/wp-content\/uploads\/2026\/03\/Fregadora-de-Suelo-Rotowash-40S-1-181x300.png 181w\" sizes=\"(max-width: 346px) 100vw, 346px\" \/><\/a><\/figure>\n<\/div>\n\n\n<style>\n  .bloque-novedad-prct {\n    font-family: Arial, sans-serif;\n    text-align: center;\n    margin: 30px auto;\n    padding: 20px 10px;\n    max-width: 900px;\n  }\n\n  .bloque-novedad-prct h2 {\n    color: #003d6b;\n    font-weight: bold;\n    font-size: 28px;\n  }\n<\/style>\n\n<div class=\"bloque-novedad-prct\">\n  <h2>\u00a1Novedades! M\u00e1quinas Fregadoras IPC<\/h2>\n<\/div>\n\n\n<div class=\"wp-block-image\">\n<figure class=\"aligncenter size-full is-resized\"><a class=\"M\u00e1quinas Fregadoras IPC\" href=\"https:\/\/prct.es\/?page_id=1721\" target=\"_blank\" rel=\" noreferrer noopener\"><img decoding=\"async\" width=\"880\" height=\"880\" src=\"https:\/\/prct.es\/wp-content\/uploads\/2025\/03\/Fregadora-de-Suelo-en-Barcelona-IPC-CT-46.jpg\" alt=\"M\u00e1quinas Fregadoras IPC, una soluci\u00f3n profesional para la limpieza eficiente de suelos en Barcelona, Espa\u00f1a\" class=\"wp-image-1882\" style=\"width:548px;height:auto\" srcset=\"https:\/\/prct.es\/wp-content\/uploads\/2025\/03\/Fregadora-de-Suelo-en-Barcelona-IPC-CT-46.jpg 880w, https:\/\/prct.es\/wp-content\/uploads\/2025\/03\/Fregadora-de-Suelo-en-Barcelona-IPC-CT-46-300x300.jpg 300w, https:\/\/prct.es\/wp-content\/uploads\/2025\/03\/Fregadora-de-Suelo-en-Barcelona-IPC-CT-46-150x150.jpg 150w, https:\/\/prct.es\/wp-content\/uploads\/2025\/03\/Fregadora-de-Suelo-en-Barcelona-IPC-CT-46-768x768.jpg 768w\" sizes=\"(max-width: 880px) 100vw, 880px\" \/><\/a><\/figure>\n<\/div>\n\n\n<style>\n  .bloque-novedad-prct {\n    font-family: Arial, sans-serif;\n    text-align: center;\n    margin: 30px auto;\n    padding: 20px 10px;\n    max-width: 900px;\n  }\n\n  .bloque-novedad-prct h2 {\n    color: #003d6b;\n    font-weight: bold;\n    font-size: 28px;\n  }\n<\/style>\n\n<div class=\"bloque-novedad-prct\">\n  <h2>\u00a1Novedades! M\u00e1quina Robotizada COMAC Selfie Y<\/h2>\n<\/div>\n\n\n<div class=\"wp-block-image\">\n<figure class=\"aligncenter size-full is-resized\"><a class=\"M\u00e1quina Fregadora Robotizada Comac Selfie Y\" href=\"https:\/\/prct.es\/?page_id=1500\" target=\"_blank\" rel=\" noreferrer noopener\"><img decoding=\"async\" width=\"707\" height=\"741\" src=\"https:\/\/prct.es\/wp-content\/uploads\/2024\/08\/Fregadora-Robotizada-Comac-Selfie.Y-1.jpg\" alt=\"La fregadora Robotizada COMAC Selfie Y, una soluci\u00f3n profesional para la limpieza eficiente de suelos en Barcelona, Espa\u00f1a\" class=\"wp-image-1501\" style=\"width:373px;height:auto\" srcset=\"https:\/\/prct.es\/wp-content\/uploads\/2024\/08\/Fregadora-Robotizada-Comac-Selfie.Y-1.jpg 707w, https:\/\/prct.es\/wp-content\/uploads\/2024\/08\/Fregadora-Robotizada-Comac-Selfie.Y-1-286x300.jpg 286w\" sizes=\"(max-width: 707px) 100vw, 707px\" \/><\/a><\/figure>\n<\/div>\n\n\n<style>\n  .bloque-novedad-prct {\n    font-family: Arial, sans-serif;\n    text-align: center;\n    margin: 30px auto;\n    padding: 20px 10px;\n    max-width: 900px;\n  }\n\n  .bloque-novedad-prct h2 {\n    color: #003d6b;\n    font-weight: bold;\n    font-size: 28px;\n  }\n<\/style>\n\n<div class=\"bloque-novedad-prct\">\n  <h2>\u00a1Novedades! Aspirador Vertical Taski Aero Up<\/h2>\n<\/div>\n\n\n\n<figure class=\"wp-block-gallery has-nested-images columns-default is-cropped wp-block-gallery-1 is-layout-flex wp-block-gallery-is-layout-flex\">\n<figure class=\"wp-block-image size-full\"><a class=\"Aspirador Taski Aero Up\" href=\"https:\/\/prct.es\/?page_id=1130\" target=\"_blank\" rel=\" noreferrer noopener\"><img loading=\"lazy\" decoding=\"async\" width=\"1000\" height=\"1000\" data-id=\"1103\" src=\"https:\/\/prct.es\/wp-content\/uploads\/2024\/05\/Taski-Aspirador-Aero-Up-1-9.jpg\" alt=\"\" class=\"wp-image-1103\" srcset=\"https:\/\/prct.es\/wp-content\/uploads\/2024\/05\/Taski-Aspirador-Aero-Up-1-9.jpg 1000w, https:\/\/prct.es\/wp-content\/uploads\/2024\/05\/Taski-Aspirador-Aero-Up-1-9-300x300.jpg 300w, https:\/\/prct.es\/wp-content\/uploads\/2024\/05\/Taski-Aspirador-Aero-Up-1-9-150x150.jpg 150w, https:\/\/prct.es\/wp-content\/uploads\/2024\/05\/Taski-Aspirador-Aero-Up-1-9-768x768.jpg 768w\" sizes=\"(max-width: 1000px) 100vw, 1000px\" \/><\/a><\/figure>\n<\/figure>\n\n\n\n<hr class=\"wp-block-separator has-alpha-channel-opacity\"\/>\n\n\n\n<style>\n  .bloque-novedad-prct {\n    font-family: Arial, sans-serif;\n    text-align: center;\n    margin: 30px auto;\n    padding: 20px 10px;\n    max-width: 900px;\n  }\n\n  .bloque-novedad-prct h2 {\n    color: #003d6b;\n    font-weight: bold;\n    font-size: 28px;\n  }\n<\/style>\n\n<div class=\"bloque-novedad-prct\">\n  <h2>\u00a1Novedades! M\u00e1quina Fregadora Inal\u00e1mbrica Taski Ergodisc Flexx<\/h2>\n<\/div>\n\n\n<div class=\"wp-block-image\">\n<figure class=\"aligncenter size-full is-resized\" id=\"ergodiscflexx\"><a class=\"Fregadora Profesional con Bater\u00eda\" href=\"https:\/\/prct.es\/?page_id=477\" target=\"_blank\" rel=\" noreferrer noopener\"><img loading=\"lazy\" decoding=\"async\" width=\"787\" height=\"467\" src=\"https:\/\/prct.es\/wp-content\/uploads\/2024\/03\/ERGODISC-13.png\" alt=\"La M\u00e1quina fFegadora Taski Ergodisc Flexx, una soluci\u00f3n profesional para la limpieza eficiente de suelos en Barcelona, Espa\u00f1a\" class=\"wp-image-769\" style=\"width:768px;height:auto\" srcset=\"https:\/\/prct.es\/wp-content\/uploads\/2024\/03\/ERGODISC-13.png 787w, https:\/\/prct.es\/wp-content\/uploads\/2024\/03\/ERGODISC-13-300x178.png 300w, https:\/\/prct.es\/wp-content\/uploads\/2024\/03\/ERGODISC-13-768x456.png 768w\" sizes=\"(max-width: 787px) 100vw, 787px\" \/><\/a><\/figure>\n<\/div>\n\n\n<style>\n  .bloque-novedad-prct {\n    font-family: Arial, sans-serif;\n    text-align: center;\n    margin: 30px auto;\n    padding: 20px 10px;\n    max-width: 900px;\n  }\n\n  .bloque-novedad-prct h2 {\n    color: #003d6b;\n    font-weight: bold;\n    font-size: 28px;\n  }\n<\/style>\n\n<div class=\"bloque-novedad-prct\">\n  <h2>\u00a1Novedades! M\u00e1quinas Fregadoras Taski Ultimaxx<\/h2>\n<\/div>\n\n\n<div class=\"wp-block-image\">\n<figure class=\"aligncenter size-full is-resized\" id=\"m\u00e1quinasfregadoras\"><a class=\"M\u00e1quinas Fregadoras Taski Ultimaxx\" href=\"https:\/\/prct.es\/?page_id=122\" target=\"_blank\" rel=\" noreferrer noopener\"><img loading=\"lazy\" decoding=\"async\" width=\"768\" height=\"680\" src=\"https:\/\/prct.es\/wp-content\/uploads\/2023\/06\/Maquina-de-Limpieza-Tasqui-9.png\" alt=\"M\u00e1quinas Fregadoras para Suelos\" class=\"wp-image-59\" style=\"width:578px;height:512px\" srcset=\"https:\/\/prct.es\/wp-content\/uploads\/2023\/06\/Maquina-de-Limpieza-Tasqui-9.png 768w, https:\/\/prct.es\/wp-content\/uploads\/2023\/06\/Maquina-de-Limpieza-Tasqui-9-300x266.png 300w\" sizes=\"(max-width: 768px) 100vw, 768px\" \/><\/a><\/figure>\n<\/div>\n\n\n<style>\n  .bloque-contacto-prct {\n    font-family: Arial, sans-serif;\n    color: #6e6e6e;\n    line-height: 1.6;\n    padding: 20px 10px;\n    max-width: 900px;\n    margin: 0 auto;\n    text-align: center;\n  }\n\n  .bloque-contacto-prct h2 {\n    color: #000;\n    font-weight: bold;\n    margin-top: 30px;\n  }\n\n  .bloque-contacto-prct p {\n    margin-top: 10px;\n  }\n\n  .bloque-contacto-prct .boton-contacto {\n    display: inline-block;\n    margin-top: 25px;\n    padding: 12px 24px;\n    background-color: #005A9C;\n    color: #fff;\n    font-weight: bold;\n    text-decoration: none;\n    border-radius: 8px;\n    transition: background-color 0.3s ease;\n  }\n\n  .bloque-contacto-prct .boton-contacto:hover {\n    background-color: #003d6b;\n  }\n\n  .bloque-contacto-prct .info-contacto {\n    margin-top: 20px;\n    font-size: 14px;\n    color: #6e6e6e;\n  }\n\n  \/* Bot\u00f3n flotante de WhatsApp *\/\n  .whatsapp-float {\n    position: fixed;\n    bottom: 20px;\n    right: 20px;\n    z-index: 1000;\n  }\n\n  .whatsapp-float a {\n    background-color: #25D366;\n    color: white;\n    font-size: 16px;\n    padding: 12px 20px;\n    border-radius: 50px;\n    text-decoration: none;\n    font-weight: bold;\n    display: flex;\n    align-items: center;\n    box-shadow: 0 2px 10px rgba(0, 0, 0, 0.2);\n    transition: background-color 0.3s ease;\n  }\n\n  .whatsapp-float a:hover {\n    background-color: #1ebc57;\n  }\n\n  .whatsapp-float img {\n    width: 24px;\n    height: 24px;\n    margin-right: 10px;\n  }\n<\/style>\n\n<div class=\"bloque-contacto-prct\">\n  <h2>\u00bfTe interesa este producto?<\/h2>\n\n  <p>Solicita m\u00e1s informaci\u00f3n sobre este producto o cualquiera de nuestras soluciones de limpieza profesional. Estaremos encantados de ayudarte.<\/p>\n\n  <a href=\"mailto:info@prct.es\" class=\"boton-contacto\">Solicitar informaci\u00f3n<\/a>\n\n  <div class=\"info-contacto\">\n    \n<\/div>\n\n<!-- Bot\u00f3n flotante de WhatsApp -->\n<div class=\"whatsapp-float\">\n  <a href=\"https:\/\/wa.me\/34630166966\" target=\"_blank\" rel=\"noopener\">\n    <img decoding=\"async\" src=\"https:\/\/upload.wikimedia.org\/wikipedia\/commons\/6\/6b\/WhatsApp.svg\" alt=\"WhatsApp\">\n    Escr\u00edbenos por WhatsApp\n  <\/a>\n<\/div>\n\n\n<div class=\"wp-block-image\">\n<figure class=\"aligncenter size-full\"><img loading=\"lazy\" decoding=\"async\" width=\"1500\" height=\"96\" src=\"https:\/\/prct.es\/wp-content\/uploads\/2024\/07\/Barra_Web-removebg-preview.png\" alt=\"\" class=\"wp-image-1266\" srcset=\"https:\/\/prct.es\/wp-content\/uploads\/2024\/07\/Barra_Web-removebg-preview.png 1500w, https:\/\/prct.es\/wp-content\/uploads\/2024\/07\/Barra_Web-removebg-preview-300x19.png 300w, https:\/\/prct.es\/wp-content\/uploads\/2024\/07\/Barra_Web-removebg-preview-1024x66.png 1024w, https:\/\/prct.es\/wp-content\/uploads\/2024\/07\/Barra_Web-removebg-preview-768x49.png 768w\" sizes=\"(max-width: 1500px) 100vw, 1500px\" \/><\/figure>\n<\/div>\n\n\n<p><\/p>\n","protected":false},"excerpt":{"rendered":"<p>Taski Aspirador Aero Up<\/p>\n","protected":false},"author":1,"featured_media":1109,"parent":76,"menu_order":3,"comment_status":"closed","ping_status":"closed","template":"","meta":{"footnotes":""},"class_list":["post-57","page","type-page","status-publish","has-post-thumbnail","hentry"],"yoast_head":"<!-- This site is optimized with the Yoast SEO plugin v27.5 - https:\/\/yoast.com\/product\/yoast-seo-wordpress\/ -->\n<title>Novedades - PROFESSIONAL CLEANING TOOLS, SL<\/title>\n<meta name=\"description\" content=\"No te pierdas las novedades en M\u00e1quinas Fregadoras para suelos y p\u00eddenos tu asesoramiento personalizado sin compromiso.\" \/>\n<meta name=\"robots\" content=\"index, follow, max-snippet:-1, max-image-preview:large, max-video-preview:-1\" \/>\n<link rel=\"canonical\" href=\"https:\/\/www.youtube.com\/channel\/UC4lByAOiF6BpLOQXuzWHpPw\" \/>\n<meta property=\"og:locale\" content=\"es_ES\" \/>\n<meta property=\"og:type\" content=\"article\" \/>\n<meta property=\"og:title\" content=\"Novedades - PROFESSIONAL CLEANING TOOLS, SL\" \/>\n<meta property=\"og:description\" content=\"No te pierdas las novedades en M\u00e1quinas Fregadoras para suelos y p\u00eddenos tu asesoramiento personalizado sin compromiso.\" \/>\n<meta property=\"og:url\" content=\"https:\/\/www.youtube.com\/channel\/UC4lByAOiF6BpLOQXuzWHpPw\" \/>\n<meta property=\"og:site_name\" content=\"PROFESSIONAL CLEANING TOOLS, SL\" \/>\n<meta property=\"article:modified_time\" content=\"2026-03-15T13:59:15+00:00\" \/>\n<meta property=\"og:image\" content=\"https:\/\/prct.es\/wp-content\/uploads\/2024\/05\/Taski-Aspirador-Aero-Up-1-8.jpg\" \/>\n\t<meta property=\"og:image:width\" content=\"2560\" \/>\n\t<meta property=\"og:image:height\" content=\"1707\" \/>\n\t<meta property=\"og:image:type\" content=\"image\/jpeg\" \/>\n<meta name=\"twitter:card\" content=\"summary_large_image\" \/>\n<meta name=\"twitter:label1\" content=\"Tiempo de lectura\" \/>\n\t<meta name=\"twitter:data1\" content=\"3 minutos\" \/>\n<script type=\"application\/ld+json\" class=\"yoast-schema-graph\">{\"@context\":\"https:\\\/\\\/schema.org\",\"@graph\":[{\"@type\":\"WebPage\",\"@id\":\"https:\\\/\\\/prct.es\\\/?page_id=57\",\"url\":\"https:\\\/\\\/www.youtube.com\\\/channel\\\/UC4lByAOiF6BpLOQXuzWHpPw\",\"name\":\"Novedades - PROFESSIONAL CLEANING TOOLS, SL\",\"isPartOf\":{\"@id\":\"https:\\\/\\\/prct.es\\\/#website\"},\"primaryImageOfPage\":{\"@id\":\"https:\\\/\\\/www.youtube.com\\\/channel\\\/UC4lByAOiF6BpLOQXuzWHpPw#primaryimage\"},\"image\":{\"@id\":\"https:\\\/\\\/www.youtube.com\\\/channel\\\/UC4lByAOiF6BpLOQXuzWHpPw#primaryimage\"},\"thumbnailUrl\":\"https:\\\/\\\/prct.es\\\/wp-content\\\/uploads\\\/2024\\\/05\\\/Taski-Aspirador-Aero-Up-1-8.jpg\",\"datePublished\":\"2023-06-06T16:26:31+00:00\",\"dateModified\":\"2026-03-15T13:59:15+00:00\",\"description\":\"No te pierdas las novedades en M\u00e1quinas Fregadoras para suelos y p\u00eddenos tu asesoramiento personalizado sin compromiso.\",\"breadcrumb\":{\"@id\":\"https:\\\/\\\/www.youtube.com\\\/channel\\\/UC4lByAOiF6BpLOQXuzWHpPw#breadcrumb\"},\"inLanguage\":\"es\",\"potentialAction\":[{\"@type\":\"ReadAction\",\"target\":[\"https:\\\/\\\/www.youtube.com\\\/channel\\\/UC4lByAOiF6BpLOQXuzWHpPw\"]}]},{\"@type\":\"ImageObject\",\"inLanguage\":\"es\",\"@id\":\"https:\\\/\\\/www.youtube.com\\\/channel\\\/UC4lByAOiF6BpLOQXuzWHpPw#primaryimage\",\"url\":\"https:\\\/\\\/prct.es\\\/wp-content\\\/uploads\\\/2024\\\/05\\\/Taski-Aspirador-Aero-Up-1-8.jpg\",\"contentUrl\":\"https:\\\/\\\/prct.es\\\/wp-content\\\/uploads\\\/2024\\\/05\\\/Taski-Aspirador-Aero-Up-1-8.jpg\",\"width\":2560,\"height\":1707,\"caption\":\"Taski Aspirador Aero Up\"},{\"@type\":\"BreadcrumbList\",\"@id\":\"https:\\\/\\\/www.youtube.com\\\/channel\\\/UC4lByAOiF6BpLOQXuzWHpPw#breadcrumb\",\"itemListElement\":[{\"@type\":\"ListItem\",\"position\":1,\"name\":\"Venta de M\u00e1quinas Fregadoras para Suelo\",\"item\":\"https:\\\/\\\/prct.es\\\/\"},{\"@type\":\"ListItem\",\"position\":2,\"name\":\"M\u00e1quinas Fregadoras Para Suelos\"}]},{\"@type\":\"WebSite\",\"@id\":\"https:\\\/\\\/prct.es\\\/#website\",\"url\":\"https:\\\/\\\/prct.es\\\/\",\"name\":\"PROFESSIONAL CLEANING TOOLS, SL\",\"description\":\"M\u00e1quinas Fregadoras\",\"publisher\":{\"@id\":\"https:\\\/\\\/prct.es\\\/#organization\"},\"alternateName\":\"Reparaci\u00f3n M\u00e1quinas Fregadoras\",\"potentialAction\":[{\"@type\":\"SearchAction\",\"target\":{\"@type\":\"EntryPoint\",\"urlTemplate\":\"https:\\\/\\\/prct.es\\\/?s={search_term_string}\"},\"query-input\":{\"@type\":\"PropertyValueSpecification\",\"valueRequired\":true,\"valueName\":\"search_term_string\"}}],\"inLanguage\":\"es\"},{\"@type\":\"Organization\",\"@id\":\"https:\\\/\\\/prct.es\\\/#organization\",\"name\":\"PROFESSIONAL CLEANING TOOLS, SL\",\"url\":\"https:\\\/\\\/prct.es\\\/\",\"logo\":{\"@type\":\"ImageObject\",\"inLanguage\":\"es\",\"@id\":\"https:\\\/\\\/prct.es\\\/#\\\/schema\\\/logo\\\/image\\\/\",\"url\":\"https:\\\/\\\/prct.es\\\/wp-content\\\/uploads\\\/2023\\\/06\\\/cropped-cropped-cropped-Logo-Professional-Cleaning-Tools-copia-1-2.jpg\",\"contentUrl\":\"https:\\\/\\\/prct.es\\\/wp-content\\\/uploads\\\/2023\\\/06\\\/cropped-cropped-cropped-Logo-Professional-Cleaning-Tools-copia-1-2.jpg\",\"width\":512,\"height\":512,\"caption\":\"PROFESSIONAL CLEANING TOOLS, SL\"},\"image\":{\"@id\":\"https:\\\/\\\/prct.es\\\/#\\\/schema\\\/logo\\\/image\\\/\"},\"sameAs\":[\"https:\\\/\\\/www.instagram.com\\\/professionalcleaningtools\\\/\",\"https:\\\/\\\/www.youtube.com\\\/@ProfessionalCleaningTools\",\"https:\\\/\\\/www.facebook.com\\\/profile.php?id=61556976555601\"]}]}<\/script>\n<!-- \/ Yoast SEO plugin. -->","yoast_head_json":{"title":"Novedades - PROFESSIONAL CLEANING TOOLS, SL","description":"No te pierdas las novedades en M\u00e1quinas Fregadoras para suelos y p\u00eddenos tu asesoramiento personalizado sin compromiso.","robots":{"index":"index","follow":"follow","max-snippet":"max-snippet:-1","max-image-preview":"max-image-preview:large","max-video-preview":"max-video-preview:-1"},"canonical":"https:\/\/www.youtube.com\/channel\/UC4lByAOiF6BpLOQXuzWHpPw","og_locale":"es_ES","og_type":"article","og_title":"Novedades - PROFESSIONAL CLEANING TOOLS, SL","og_description":"No te pierdas las novedades en M\u00e1quinas Fregadoras para suelos y p\u00eddenos tu asesoramiento personalizado sin compromiso.","og_url":"https:\/\/www.youtube.com\/channel\/UC4lByAOiF6BpLOQXuzWHpPw","og_site_name":"PROFESSIONAL CLEANING TOOLS, SL","article_modified_time":"2026-03-15T13:59:15+00:00","og_image":[{"width":2560,"height":1707,"url":"https:\/\/prct.es\/wp-content\/uploads\/2024\/05\/Taski-Aspirador-Aero-Up-1-8.jpg","type":"image\/jpeg"}],"twitter_card":"summary_large_image","twitter_misc":{"Tiempo de lectura":"3 minutos"},"schema":{"@context":"https:\/\/schema.org","@graph":[{"@type":"WebPage","@id":"https:\/\/prct.es\/?page_id=57","url":"https:\/\/www.youtube.com\/channel\/UC4lByAOiF6BpLOQXuzWHpPw","name":"Novedades - PROFESSIONAL CLEANING TOOLS, SL","isPartOf":{"@id":"https:\/\/prct.es\/#website"},"primaryImageOfPage":{"@id":"https:\/\/www.youtube.com\/channel\/UC4lByAOiF6BpLOQXuzWHpPw#primaryimage"},"image":{"@id":"https:\/\/www.youtube.com\/channel\/UC4lByAOiF6BpLOQXuzWHpPw#primaryimage"},"thumbnailUrl":"https:\/\/prct.es\/wp-content\/uploads\/2024\/05\/Taski-Aspirador-Aero-Up-1-8.jpg","datePublished":"2023-06-06T16:26:31+00:00","dateModified":"2026-03-15T13:59:15+00:00","description":"No te pierdas las novedades en M\u00e1quinas Fregadoras para suelos y p\u00eddenos tu asesoramiento personalizado sin compromiso.","breadcrumb":{"@id":"https:\/\/www.youtube.com\/channel\/UC4lByAOiF6BpLOQXuzWHpPw#breadcrumb"},"inLanguage":"es","potentialAction":[{"@type":"ReadAction","target":["https:\/\/www.youtube.com\/channel\/UC4lByAOiF6BpLOQXuzWHpPw"]}]},{"@type":"ImageObject","inLanguage":"es","@id":"https:\/\/www.youtube.com\/channel\/UC4lByAOiF6BpLOQXuzWHpPw#primaryimage","url":"https:\/\/prct.es\/wp-content\/uploads\/2024\/05\/Taski-Aspirador-Aero-Up-1-8.jpg","contentUrl":"https:\/\/prct.es\/wp-content\/uploads\/2024\/05\/Taski-Aspirador-Aero-Up-1-8.jpg","width":2560,"height":1707,"caption":"Taski Aspirador Aero Up"},{"@type":"BreadcrumbList","@id":"https:\/\/www.youtube.com\/channel\/UC4lByAOiF6BpLOQXuzWHpPw#breadcrumb","itemListElement":[{"@type":"ListItem","position":1,"name":"Venta de M\u00e1quinas Fregadoras para Suelo","item":"https:\/\/prct.es\/"},{"@type":"ListItem","position":2,"name":"M\u00e1quinas Fregadoras Para Suelos"}]},{"@type":"WebSite","@id":"https:\/\/prct.es\/#website","url":"https:\/\/prct.es\/","name":"PROFESSIONAL CLEANING TOOLS, SL","description":"M\u00e1quinas Fregadoras","publisher":{"@id":"https:\/\/prct.es\/#organization"},"alternateName":"Reparaci\u00f3n M\u00e1quinas Fregadoras","potentialAction":[{"@type":"SearchAction","target":{"@type":"EntryPoint","urlTemplate":"https:\/\/prct.es\/?s={search_term_string}"},"query-input":{"@type":"PropertyValueSpecification","valueRequired":true,"valueName":"search_term_string"}}],"inLanguage":"es"},{"@type":"Organization","@id":"https:\/\/prct.es\/#organization","name":"PROFESSIONAL CLEANING TOOLS, SL","url":"https:\/\/prct.es\/","logo":{"@type":"ImageObject","inLanguage":"es","@id":"https:\/\/prct.es\/#\/schema\/logo\/image\/","url":"https:\/\/prct.es\/wp-content\/uploads\/2023\/06\/cropped-cropped-cropped-Logo-Professional-Cleaning-Tools-copia-1-2.jpg","contentUrl":"https:\/\/prct.es\/wp-content\/uploads\/2023\/06\/cropped-cropped-cropped-Logo-Professional-Cleaning-Tools-copia-1-2.jpg","width":512,"height":512,"caption":"PROFESSIONAL CLEANING TOOLS, SL"},"image":{"@id":"https:\/\/prct.es\/#\/schema\/logo\/image\/"},"sameAs":["https:\/\/www.instagram.com\/professionalcleaningtools\/","https:\/\/www.youtube.com\/@ProfessionalCleaningTools","https:\/\/www.facebook.com\/profile.php?id=61556976555601"]}]}},"_links":{"self":[{"href":"https:\/\/prct.es\/index.php?rest_route=\/wp\/v2\/pages\/57","targetHints":{"allow":["GET"]}}],"collection":[{"href":"https:\/\/prct.es\/index.php?rest_route=\/wp\/v2\/pages"}],"about":[{"href":"https:\/\/prct.es\/index.php?rest_route=\/wp\/v2\/types\/page"}],"author":[{"embeddable":true,"href":"https:\/\/prct.es\/index.php?rest_route=\/wp\/v2\/users\/1"}],"replies":[{"embeddable":true,"href":"https:\/\/prct.es\/index.php?rest_route=%2Fwp%2Fv2%2Fcomments&post=57"}],"version-history":[{"count":37,"href":"https:\/\/prct.es\/index.php?rest_route=\/wp\/v2\/pages\/57\/revisions"}],"predecessor-version":[{"id":2786,"href":"https:\/\/prct.es\/index.php?rest_route=\/wp\/v2\/pages\/57\/revisions\/2786"}],"up":[{"embeddable":true,"href":"https:\/\/prct.es\/index.php?rest_route=\/wp\/v2\/pages\/76"}],"wp:featuredmedia":[{"embeddable":true,"href":"https:\/\/prct.es\/index.php?rest_route=\/wp\/v2\/media\/1109"}],"wp:attachment":[{"href":"https:\/\/prct.es\/index.php?rest_route=%2Fwp%2Fv2%2Fmedia&parent=57"}],"curies":[{"name":"wp","href":"https:\/\/api.w.org\/{rel}","templated":true}]}}