{"id":64,"date":"2023-06-06T16:43:04","date_gmt":"2023-06-06T16:43:04","guid":{"rendered":"https:\/\/prct.es\/?page_id=64"},"modified":"2024-11-15T10:21:52","modified_gmt":"2024-11-15T10:21:52","slug":"reparacion-de-maquinas","status":"publish","type":"page","link":"https:\/\/prct.es\/?page_id=64","title":{"rendered":"Sobre Nosotros"},"content":{"rendered":"\n<div class=\"wp-block-columns is-layout-flex wp-container-core-columns-is-layout-9d6595d7 wp-block-columns-is-layout-flex\">\n<div class=\"wp-block-column is-layout-flow wp-block-column-is-layout-flow\">\n<figure class=\"wp-block-image size-large\"><img fetchpriority=\"high\" decoding=\"async\" width=\"1024\" height=\"1024\" src=\"https:\/\/prct.es\/wp-content\/uploads\/2023\/06\/Antea-Maquina-Fregadora-1-1024x1024.jpg\" alt=\"Venta, Reparaci\u00f3n y Alquiler de M\u00e1quinas Fregadoras de Limpieza Industrial en Barcelona\" class=\"wp-image-36\" srcset=\"https:\/\/prct.es\/wp-content\/uploads\/2023\/06\/Antea-Maquina-Fregadora-1-1024x1024.jpg 1024w, https:\/\/prct.es\/wp-content\/uploads\/2023\/06\/Antea-Maquina-Fregadora-1-300x300.jpg 300w, https:\/\/prct.es\/wp-content\/uploads\/2023\/06\/Antea-Maquina-Fregadora-1-150x150.jpg 150w, https:\/\/prct.es\/wp-content\/uploads\/2023\/06\/Antea-Maquina-Fregadora-1-768x768.jpg 768w, https:\/\/prct.es\/wp-content\/uploads\/2023\/06\/Antea-Maquina-Fregadora-1.jpg 1536w\" sizes=\"(max-width: 1024px) 100vw, 1024px\" \/><\/figure>\n<\/div>\n\n\n\n<div class=\"wp-block-column is-layout-flow wp-block-column-is-layout-flow\">\n<p class=\"has-black-color has-text-color has-link-color has-medium-font-size wp-elements-784f144118f25916e811e9803c8014cc\"><strong>Professional Cleaning Tools<\/strong> es una empresa dedicada a la <strong>Venta, Reparaci\u00f3n y Alquiler de M\u00e1quinas Fregadoras de Limpieza Industrial en Barcelona<\/strong> con un personal que acumula m\u00e1s de 20 a\u00f1os de experiencia en el sector.<br>Nuestra experiencia y conocimientos nos permiten ofrecer a los clientes un servicio t\u00e9cnico profesional y eficiente, cercano al cliente y consciente de la situaci\u00f3n real que vive el sector.<\/p>\n<\/div>\n<\/div>\n\n\n<div class=\"wp-block-image\">\n<figure class=\"aligncenter size-full\"><img decoding=\"async\" width=\"1500\" height=\"96\" src=\"https:\/\/prct.es\/wp-content\/uploads\/2024\/07\/Barra_Web-removebg-preview.png\" alt=\"\" class=\"wp-image-1266\" srcset=\"https:\/\/prct.es\/wp-content\/uploads\/2024\/07\/Barra_Web-removebg-preview.png 1500w, https:\/\/prct.es\/wp-content\/uploads\/2024\/07\/Barra_Web-removebg-preview-300x19.png 300w, https:\/\/prct.es\/wp-content\/uploads\/2024\/07\/Barra_Web-removebg-preview-1024x66.png 1024w, https:\/\/prct.es\/wp-content\/uploads\/2024\/07\/Barra_Web-removebg-preview-768x49.png 768w\" sizes=\"(max-width: 1500px) 100vw, 1500px\" \/><\/figure>\n<\/div>","protected":false},"excerpt":{"rendered":"<p>M\u00e1quina Fregadora<\/p>\n","protected":false},"author":1,"featured_media":36,"parent":76,"menu_order":4,"comment_status":"closed","ping_status":"closed","template":"","meta":{"footnotes":""},"class_list":["post-64","page","type-page","status-publish","has-post-thumbnail","hentry"],"yoast_head":"<!-- This site is optimized with the Yoast SEO plugin v27.5 - https:\/\/yoast.com\/product\/yoast-seo-wordpress\/ -->\n<title>Sobre Nosotros - PROFESSIONAL CLEANING TOOLS, SL<\/title>\n<meta name=\"description\" content=\"Nuestra experiencia en reparaci\u00f3n de m\u00e1quinas nos permiten ofrecer a los clientes un servicio t\u00e9cnico profesional eficiente.\" \/>\n<meta name=\"robots\" content=\"index, follow, max-snippet:-1, max-image-preview:large, max-video-preview:-1\" \/>\n<link rel=\"canonical\" href=\"https:\/\/www.youtube.com\/@ProfessionalCleaningTools\" \/>\n<meta property=\"og:locale\" content=\"es_ES\" \/>\n<meta property=\"og:type\" content=\"article\" \/>\n<meta property=\"og:title\" content=\"Sobre Nosotros - PROFESSIONAL CLEANING TOOLS, SL\" \/>\n<meta property=\"og:description\" content=\"Nuestra experiencia en reparaci\u00f3n de m\u00e1quinas nos permiten ofrecer a los clientes un servicio t\u00e9cnico profesional eficiente.\" \/>\n<meta property=\"og:url\" content=\"https:\/\/www.youtube.com\/@ProfessionalCleaningTools\" \/>\n<meta property=\"og:site_name\" content=\"PROFESSIONAL CLEANING TOOLS, SL\" \/>\n<meta property=\"article:modified_time\" content=\"2024-11-15T10:21:52+00:00\" \/>\n<meta property=\"og:image\" content=\"https:\/\/prct.es\/wp-content\/uploads\/2023\/06\/Antea-Maquina-Fregadora-1.jpg\" \/>\n\t<meta property=\"og:image:width\" content=\"1536\" \/>\n\t<meta property=\"og:image:height\" content=\"1536\" \/>\n\t<meta property=\"og:image:type\" content=\"image\/jpeg\" \/>\n<meta name=\"twitter:card\" content=\"summary_large_image\" \/>\n<meta name=\"twitter:label1\" content=\"Tiempo de lectura\" \/>\n\t<meta name=\"twitter:data1\" content=\"1 minuto\" \/>\n<script type=\"application\/ld+json\" class=\"yoast-schema-graph\">{\"@context\":\"https:\\\/\\\/schema.org\",\"@graph\":[{\"@type\":\"WebPage\",\"@id\":\"https:\\\/\\\/prct.es\\\/?page_id=64\",\"url\":\"https:\\\/\\\/www.youtube.com\\\/@ProfessionalCleaningTools\",\"name\":\"Sobre Nosotros - PROFESSIONAL CLEANING TOOLS, SL\",\"isPartOf\":{\"@id\":\"https:\\\/\\\/prct.es\\\/#website\"},\"primaryImageOfPage\":{\"@id\":\"https:\\\/\\\/www.youtube.com\\\/@ProfessionalCleaningTools#primaryimage\"},\"image\":{\"@id\":\"https:\\\/\\\/www.youtube.com\\\/@ProfessionalCleaningTools#primaryimage\"},\"thumbnailUrl\":\"https:\\\/\\\/prct.es\\\/wp-content\\\/uploads\\\/2023\\\/06\\\/Antea-Maquina-Fregadora-1.jpg\",\"datePublished\":\"2023-06-06T16:43:04+00:00\",\"dateModified\":\"2024-11-15T10:21:52+00:00\",\"description\":\"Nuestra experiencia en reparaci\u00f3n de m\u00e1quinas nos permiten ofrecer a los clientes un servicio t\u00e9cnico profesional eficiente.\",\"breadcrumb\":{\"@id\":\"https:\\\/\\\/www.youtube.com\\\/@ProfessionalCleaningTools#breadcrumb\"},\"inLanguage\":\"es\",\"potentialAction\":[{\"@type\":\"ReadAction\",\"target\":[\"https:\\\/\\\/www.youtube.com\\\/@ProfessionalCleaningTools\"]}]},{\"@type\":\"ImageObject\",\"inLanguage\":\"es\",\"@id\":\"https:\\\/\\\/www.youtube.com\\\/@ProfessionalCleaningTools#primaryimage\",\"url\":\"https:\\\/\\\/prct.es\\\/wp-content\\\/uploads\\\/2023\\\/06\\\/Antea-Maquina-Fregadora-1.jpg\",\"contentUrl\":\"https:\\\/\\\/prct.es\\\/wp-content\\\/uploads\\\/2023\\\/06\\\/Antea-Maquina-Fregadora-1.jpg\",\"width\":1536,\"height\":1536,\"caption\":\"M\u00e1quina Fregadora\"},{\"@type\":\"BreadcrumbList\",\"@id\":\"https:\\\/\\\/www.youtube.com\\\/@ProfessionalCleaningTools#breadcrumb\",\"itemListElement\":[{\"@type\":\"ListItem\",\"position\":1,\"name\":\"Venta de M\u00e1quinas Fregadoras para Suelo\",\"item\":\"https:\\\/\\\/prct.es\\\/\"},{\"@type\":\"ListItem\",\"position\":2,\"name\":\"Sobre Nosotros\"}]},{\"@type\":\"WebSite\",\"@id\":\"https:\\\/\\\/prct.es\\\/#website\",\"url\":\"https:\\\/\\\/prct.es\\\/\",\"name\":\"PROFESSIONAL CLEANING TOOLS, SL\",\"description\":\"M\u00e1quinas Fregadoras\",\"publisher\":{\"@id\":\"https:\\\/\\\/prct.es\\\/#organization\"},\"alternateName\":\"Reparaci\u00f3n M\u00e1quinas Fregadoras\",\"potentialAction\":[{\"@type\":\"SearchAction\",\"target\":{\"@type\":\"EntryPoint\",\"urlTemplate\":\"https:\\\/\\\/prct.es\\\/?s={search_term_string}\"},\"query-input\":{\"@type\":\"PropertyValueSpecification\",\"valueRequired\":true,\"valueName\":\"search_term_string\"}}],\"inLanguage\":\"es\"},{\"@type\":\"Organization\",\"@id\":\"https:\\\/\\\/prct.es\\\/#organization\",\"name\":\"PROFESSIONAL CLEANING TOOLS, SL\",\"url\":\"https:\\\/\\\/prct.es\\\/\",\"logo\":{\"@type\":\"ImageObject\",\"inLanguage\":\"es\",\"@id\":\"https:\\\/\\\/prct.es\\\/#\\\/schema\\\/logo\\\/image\\\/\",\"url\":\"https:\\\/\\\/prct.es\\\/wp-content\\\/uploads\\\/2023\\\/06\\\/cropped-cropped-cropped-Logo-Professional-Cleaning-Tools-copia-1-2.jpg\",\"contentUrl\":\"https:\\\/\\\/prct.es\\\/wp-content\\\/uploads\\\/2023\\\/06\\\/cropped-cropped-cropped-Logo-Professional-Cleaning-Tools-copia-1-2.jpg\",\"width\":512,\"height\":512,\"caption\":\"PROFESSIONAL CLEANING TOOLS, SL\"},\"image\":{\"@id\":\"https:\\\/\\\/prct.es\\\/#\\\/schema\\\/logo\\\/image\\\/\"},\"sameAs\":[\"https:\\\/\\\/www.instagram.com\\\/professionalcleaningtools\\\/\",\"https:\\\/\\\/www.youtube.com\\\/@ProfessionalCleaningTools\",\"https:\\\/\\\/www.facebook.com\\\/profile.php?id=61556976555601\"]}]}<\/script>\n<!-- \/ Yoast SEO plugin. -->","yoast_head_json":{"title":"Sobre Nosotros - PROFESSIONAL CLEANING TOOLS, SL","description":"Nuestra experiencia en reparaci\u00f3n de m\u00e1quinas nos permiten ofrecer a los clientes un servicio t\u00e9cnico profesional eficiente.","robots":{"index":"index","follow":"follow","max-snippet":"max-snippet:-1","max-image-preview":"max-image-preview:large","max-video-preview":"max-video-preview:-1"},"canonical":"https:\/\/www.youtube.com\/@ProfessionalCleaningTools","og_locale":"es_ES","og_type":"article","og_title":"Sobre Nosotros - PROFESSIONAL CLEANING TOOLS, SL","og_description":"Nuestra experiencia en reparaci\u00f3n de m\u00e1quinas nos permiten ofrecer a los clientes un servicio t\u00e9cnico profesional eficiente.","og_url":"https:\/\/www.youtube.com\/@ProfessionalCleaningTools","og_site_name":"PROFESSIONAL CLEANING TOOLS, SL","article_modified_time":"2024-11-15T10:21:52+00:00","og_image":[{"width":1536,"height":1536,"url":"https:\/\/prct.es\/wp-content\/uploads\/2023\/06\/Antea-Maquina-Fregadora-1.jpg","type":"image\/jpeg"}],"twitter_card":"summary_large_image","twitter_misc":{"Tiempo de lectura":"1 minuto"},"schema":{"@context":"https:\/\/schema.org","@graph":[{"@type":"WebPage","@id":"https:\/\/prct.es\/?page_id=64","url":"https:\/\/www.youtube.com\/@ProfessionalCleaningTools","name":"Sobre Nosotros - PROFESSIONAL CLEANING TOOLS, SL","isPartOf":{"@id":"https:\/\/prct.es\/#website"},"primaryImageOfPage":{"@id":"https:\/\/www.youtube.com\/@ProfessionalCleaningTools#primaryimage"},"image":{"@id":"https:\/\/www.youtube.com\/@ProfessionalCleaningTools#primaryimage"},"thumbnailUrl":"https:\/\/prct.es\/wp-content\/uploads\/2023\/06\/Antea-Maquina-Fregadora-1.jpg","datePublished":"2023-06-06T16:43:04+00:00","dateModified":"2024-11-15T10:21:52+00:00","description":"Nuestra experiencia en reparaci\u00f3n de m\u00e1quinas nos permiten ofrecer a los clientes un servicio t\u00e9cnico profesional eficiente.","breadcrumb":{"@id":"https:\/\/www.youtube.com\/@ProfessionalCleaningTools#breadcrumb"},"inLanguage":"es","potentialAction":[{"@type":"ReadAction","target":["https:\/\/www.youtube.com\/@ProfessionalCleaningTools"]}]},{"@type":"ImageObject","inLanguage":"es","@id":"https:\/\/www.youtube.com\/@ProfessionalCleaningTools#primaryimage","url":"https:\/\/prct.es\/wp-content\/uploads\/2023\/06\/Antea-Maquina-Fregadora-1.jpg","contentUrl":"https:\/\/prct.es\/wp-content\/uploads\/2023\/06\/Antea-Maquina-Fregadora-1.jpg","width":1536,"height":1536,"caption":"M\u00e1quina Fregadora"},{"@type":"BreadcrumbList","@id":"https:\/\/www.youtube.com\/@ProfessionalCleaningTools#breadcrumb","itemListElement":[{"@type":"ListItem","position":1,"name":"Venta de M\u00e1quinas Fregadoras para Suelo","item":"https:\/\/prct.es\/"},{"@type":"ListItem","position":2,"name":"Sobre Nosotros"}]},{"@type":"WebSite","@id":"https:\/\/prct.es\/#website","url":"https:\/\/prct.es\/","name":"PROFESSIONAL CLEANING TOOLS, SL","description":"M\u00e1quinas Fregadoras","publisher":{"@id":"https:\/\/prct.es\/#organization"},"alternateName":"Reparaci\u00f3n M\u00e1quinas Fregadoras","potentialAction":[{"@type":"SearchAction","target":{"@type":"EntryPoint","urlTemplate":"https:\/\/prct.es\/?s={search_term_string}"},"query-input":{"@type":"PropertyValueSpecification","valueRequired":true,"valueName":"search_term_string"}}],"inLanguage":"es"},{"@type":"Organization","@id":"https:\/\/prct.es\/#organization","name":"PROFESSIONAL CLEANING TOOLS, SL","url":"https:\/\/prct.es\/","logo":{"@type":"ImageObject","inLanguage":"es","@id":"https:\/\/prct.es\/#\/schema\/logo\/image\/","url":"https:\/\/prct.es\/wp-content\/uploads\/2023\/06\/cropped-cropped-cropped-Logo-Professional-Cleaning-Tools-copia-1-2.jpg","contentUrl":"https:\/\/prct.es\/wp-content\/uploads\/2023\/06\/cropped-cropped-cropped-Logo-Professional-Cleaning-Tools-copia-1-2.jpg","width":512,"height":512,"caption":"PROFESSIONAL CLEANING TOOLS, SL"},"image":{"@id":"https:\/\/prct.es\/#\/schema\/logo\/image\/"},"sameAs":["https:\/\/www.instagram.com\/professionalcleaningtools\/","https:\/\/www.youtube.com\/@ProfessionalCleaningTools","https:\/\/www.facebook.com\/profile.php?id=61556976555601"]}]}},"_links":{"self":[{"href":"https:\/\/prct.es\/index.php?rest_route=\/wp\/v2\/pages\/64","targetHints":{"allow":["GET"]}}],"collection":[{"href":"https:\/\/prct.es\/index.php?rest_route=\/wp\/v2\/pages"}],"about":[{"href":"https:\/\/prct.es\/index.php?rest_route=\/wp\/v2\/types\/page"}],"author":[{"embeddable":true,"href":"https:\/\/prct.es\/index.php?rest_route=\/wp\/v2\/users\/1"}],"replies":[{"embeddable":true,"href":"https:\/\/prct.es\/index.php?rest_route=%2Fwp%2Fv2%2Fcomments&post=64"}],"version-history":[{"count":9,"href":"https:\/\/prct.es\/index.php?rest_route=\/wp\/v2\/pages\/64\/revisions"}],"predecessor-version":[{"id":1706,"href":"https:\/\/prct.es\/index.php?rest_route=\/wp\/v2\/pages\/64\/revisions\/1706"}],"up":[{"embeddable":true,"href":"https:\/\/prct.es\/index.php?rest_route=\/wp\/v2\/pages\/76"}],"wp:featuredmedia":[{"embeddable":true,"href":"https:\/\/prct.es\/index.php?rest_route=\/wp\/v2\/media\/36"}],"wp:attachment":[{"href":"https:\/\/prct.es\/index.php?rest_route=%2Fwp%2Fv2%2Fmedia&parent=64"}],"curies":[{"name":"wp","href":"https:\/\/api.w.org\/{rel}","templated":true}]}}