{"id":71,"date":"2023-06-06T16:53:07","date_gmt":"2023-06-06T16:53:07","guid":{"rendered":"https:\/\/prct.es\/?page_id=71"},"modified":"2024-11-15T10:16:20","modified_gmt":"2024-11-15T10:16:20","slug":"servicio-asistencia-tecnica","status":"publish","type":"page","link":"https:\/\/prct.es\/?page_id=71","title":{"rendered":"Servicio Asistencia T\u00e9cnica"},"content":{"rendered":"\n<p class=\"has-black-color has-text-color has-link-color has-medium-font-size wp-elements-1077099de818e5089322b1a3e1d50d05\">Estamos especializados en la <strong>Reparaci\u00f3n y Mantenimiento<\/strong> de todo tipo de <strong>Maquinaria<\/strong> de <strong>Limpieza industrial<\/strong> <strong>y viaria en Barcelona<\/strong>.<br>Ofrecemos el desplazamiento hasta tus\u00a0\u00a0instalaciones o las de tus clientes a fin de poder realizar las intervenciones\u00a0\u00a0requeridas, disponiendo de taller m\u00f3vil para realizar las reparaciones In Situ.<\/p>\n\n\n<div class=\"wp-block-image\">\n<figure class=\"aligncenter size-full is-resized\"><img fetchpriority=\"high\" decoding=\"async\" width=\"460\" height=\"415\" src=\"https:\/\/prct.es\/wp-content\/uploads\/2023\/06\/Maquina-Fregadora-T55-5.png\" alt=\"M\u00e1quinas Fregadoras de Limpieza Industrial en Barcelona\" class=\"wp-image-225\" style=\"aspect-ratio:1.109433962264151;width:234px;height:auto\" srcset=\"https:\/\/prct.es\/wp-content\/uploads\/2023\/06\/Maquina-Fregadora-T55-5.png 460w, https:\/\/prct.es\/wp-content\/uploads\/2023\/06\/Maquina-Fregadora-T55-5-300x271.png 300w\" sizes=\"(max-width: 460px) 100vw, 460px\" \/><\/figure>\n<\/div>\n\n\n<h2 class=\"wp-block-heading\">Mantenimiento<\/h2>\n\n\n\n<p class=\"has-black-color has-text-color has-link-color has-medium-font-size wp-elements-fefa553e1e596758f364633939d118cd\">Todas las <strong>M\u00e1quinas<\/strong> <strong>Fregadoras de Limpieza Industrial<\/strong> necesitan\u00a0 mantenimientos preventivos para evitar aver\u00edas y paros innecesarios que a la larga acaban generando costes elevados y p\u00e9rdidas innecesarias.<\/p>\n\n\n\n<p class=\"has-black-color has-text-color has-link-color has-medium-font-size wp-elements-634ed80a590c495b61d5507986bef657\">En <strong>Professional Cleaning Tools<\/strong> podemos personalizar el servicio del mantenimiento de cada m\u00e1quina. Adapt\u00e1ndonos a los&nbsp; requerimientos de cada cliente, consiguiendo un buen producto a un coste competitivo.<\/p>\n\n\n\n<p class=\"has-black-color has-text-color has-link-color has-medium-font-size wp-elements-107743d9903f408905c573584a364e81\">Tambi\u00e9n podemos llevar a cabo trabajos de puesta en marcha o restauraci\u00f3n de aquellos equipos que puedas tener parados en el almac\u00e9n por antig\u00fcedad o aver\u00eda en Barcelona.<\/p>\n\n\n\n<p class=\"has-black-color has-text-color has-link-color has-medium-font-size wp-elements-0858e80094eed1a97bd728d10292d5e0\">Y para aquellas reparaciones que no se puedan realizar In Situ, disponemos de taller propio.<\/p>\n\n\n\n<p class=\"has-black-color has-text-color has-link-color has-medium-font-size wp-elements-1f9765aefc8e52091e7d526722ec933e\">Realizamos la revisi\u00f3n de tu m\u00e1quina fregadora, verificando todos los puntos vitales y solucionando las aver\u00edas antes de que se puedan producir, para evitar que se produzca un paro no deseado en tu equipo. Y todo lo necesario para que puedas disfrutar de la limpieza sin imprevistos!<\/p>\n\n\n<div class=\"wp-block-image\">\n<figure class=\"aligncenter size-full\"><img decoding=\"async\" width=\"1500\" height=\"96\" src=\"https:\/\/prct.es\/wp-content\/uploads\/2024\/07\/Barra_Web-removebg-preview.png\" alt=\"\" class=\"wp-image-1266\" srcset=\"https:\/\/prct.es\/wp-content\/uploads\/2024\/07\/Barra_Web-removebg-preview.png 1500w, https:\/\/prct.es\/wp-content\/uploads\/2024\/07\/Barra_Web-removebg-preview-300x19.png 300w, https:\/\/prct.es\/wp-content\/uploads\/2024\/07\/Barra_Web-removebg-preview-1024x66.png 1024w, https:\/\/prct.es\/wp-content\/uploads\/2024\/07\/Barra_Web-removebg-preview-768x49.png 768w\" sizes=\"(max-width: 1500px) 100vw, 1500px\" \/><\/figure>\n<\/div>","protected":false},"excerpt":{"rendered":"<p>Reparaci\u00f3n de M\u00e1quina Fregadora<\/p>\n","protected":false},"author":1,"featured_media":646,"parent":76,"menu_order":5,"comment_status":"closed","ping_status":"closed","template":"","meta":{"footnotes":""},"class_list":["post-71","page","type-page","status-publish","has-post-thumbnail","hentry"],"yoast_head":"<!-- This site is optimized with the Yoast SEO plugin v27.5 - https:\/\/yoast.com\/product\/yoast-seo-wordpress\/ -->\n<title>Servicio Asistencia T\u00e9cnica - PROFESSIONAL CLEANING TOOLS, SL<\/title>\n<meta name=\"description\" content=\"Realizamos la revisi\u00f3n de tu m\u00e1quina, verificando todos los puntos vitales y solucionando las aver\u00edas antes de que se puedan producir.\" \/>\n<meta name=\"robots\" content=\"index, follow, max-snippet:-1, max-image-preview:large, max-video-preview:-1\" \/>\n<link rel=\"canonical\" href=\"https:\/\/www.youtube.com\/@ProfessionalCleaningTools\" \/>\n<meta property=\"og:locale\" content=\"es_ES\" \/>\n<meta property=\"og:type\" content=\"article\" \/>\n<meta property=\"og:title\" content=\"Servicio Asistencia T\u00e9cnica - PROFESSIONAL CLEANING TOOLS, SL\" \/>\n<meta property=\"og:description\" content=\"Realizamos la revisi\u00f3n de tu m\u00e1quina, verificando todos los puntos vitales y solucionando las aver\u00edas antes de que se puedan producir.\" \/>\n<meta property=\"og:url\" content=\"https:\/\/www.youtube.com\/@ProfessionalCleaningTools\" \/>\n<meta property=\"og:site_name\" content=\"PROFESSIONAL CLEANING TOOLS, SL\" \/>\n<meta property=\"article:modified_time\" content=\"2024-11-15T10:16:20+00:00\" \/>\n<meta property=\"og:image\" content=\"https:\/\/prct.es\/wp-content\/uploads\/2024\/03\/Maquina-Fregadora-T55-5.png\" \/>\n\t<meta property=\"og:image:width\" content=\"460\" \/>\n\t<meta property=\"og:image:height\" content=\"415\" \/>\n\t<meta property=\"og:image:type\" content=\"image\/png\" \/>\n<meta name=\"twitter:card\" content=\"summary_large_image\" \/>\n<meta name=\"twitter:label1\" content=\"Tiempo de lectura\" \/>\n\t<meta name=\"twitter:data1\" content=\"2 minutos\" \/>\n<script type=\"application\/ld+json\" class=\"yoast-schema-graph\">{\"@context\":\"https:\\\/\\\/schema.org\",\"@graph\":[{\"@type\":\"WebPage\",\"@id\":\"https:\\\/\\\/prct.es\\\/?page_id=71\",\"url\":\"https:\\\/\\\/www.youtube.com\\\/@ProfessionalCleaningTools\",\"name\":\"Servicio Asistencia T\u00e9cnica - PROFESSIONAL CLEANING TOOLS, SL\",\"isPartOf\":{\"@id\":\"https:\\\/\\\/prct.es\\\/#website\"},\"primaryImageOfPage\":{\"@id\":\"https:\\\/\\\/www.youtube.com\\\/@ProfessionalCleaningTools#primaryimage\"},\"image\":{\"@id\":\"https:\\\/\\\/www.youtube.com\\\/@ProfessionalCleaningTools#primaryimage\"},\"thumbnailUrl\":\"https:\\\/\\\/prct.es\\\/wp-content\\\/uploads\\\/2024\\\/03\\\/Maquina-Fregadora-T55-5.png\",\"datePublished\":\"2023-06-06T16:53:07+00:00\",\"dateModified\":\"2024-11-15T10:16:20+00:00\",\"description\":\"Realizamos la revisi\u00f3n de tu m\u00e1quina, verificando todos los puntos vitales y solucionando las aver\u00edas antes de que se puedan producir.\",\"breadcrumb\":{\"@id\":\"https:\\\/\\\/www.youtube.com\\\/@ProfessionalCleaningTools#breadcrumb\"},\"inLanguage\":\"es\",\"potentialAction\":[{\"@type\":\"ReadAction\",\"target\":[\"https:\\\/\\\/www.youtube.com\\\/@ProfessionalCleaningTools\"]}]},{\"@type\":\"ImageObject\",\"inLanguage\":\"es\",\"@id\":\"https:\\\/\\\/www.youtube.com\\\/@ProfessionalCleaningTools#primaryimage\",\"url\":\"https:\\\/\\\/prct.es\\\/wp-content\\\/uploads\\\/2024\\\/03\\\/Maquina-Fregadora-T55-5.png\",\"contentUrl\":\"https:\\\/\\\/prct.es\\\/wp-content\\\/uploads\\\/2024\\\/03\\\/Maquina-Fregadora-T55-5.png\",\"width\":460,\"height\":415,\"caption\":\"Reparaci\u00f3n de M\u00e1quina Fregadora\"},{\"@type\":\"BreadcrumbList\",\"@id\":\"https:\\\/\\\/www.youtube.com\\\/@ProfessionalCleaningTools#breadcrumb\",\"itemListElement\":[{\"@type\":\"ListItem\",\"position\":1,\"name\":\"Venta de M\u00e1quinas Fregadoras para Suelo\",\"item\":\"https:\\\/\\\/prct.es\\\/\"},{\"@type\":\"ListItem\",\"position\":2,\"name\":\"Servicio Asistencia T\u00e9cnica\"}]},{\"@type\":\"WebSite\",\"@id\":\"https:\\\/\\\/prct.es\\\/#website\",\"url\":\"https:\\\/\\\/prct.es\\\/\",\"name\":\"PROFESSIONAL CLEANING TOOLS, SL\",\"description\":\"M\u00e1quinas Fregadoras\",\"publisher\":{\"@id\":\"https:\\\/\\\/prct.es\\\/#organization\"},\"alternateName\":\"Reparaci\u00f3n M\u00e1quinas Fregadoras\",\"potentialAction\":[{\"@type\":\"SearchAction\",\"target\":{\"@type\":\"EntryPoint\",\"urlTemplate\":\"https:\\\/\\\/prct.es\\\/?s={search_term_string}\"},\"query-input\":{\"@type\":\"PropertyValueSpecification\",\"valueRequired\":true,\"valueName\":\"search_term_string\"}}],\"inLanguage\":\"es\"},{\"@type\":\"Organization\",\"@id\":\"https:\\\/\\\/prct.es\\\/#organization\",\"name\":\"PROFESSIONAL CLEANING TOOLS, SL\",\"url\":\"https:\\\/\\\/prct.es\\\/\",\"logo\":{\"@type\":\"ImageObject\",\"inLanguage\":\"es\",\"@id\":\"https:\\\/\\\/prct.es\\\/#\\\/schema\\\/logo\\\/image\\\/\",\"url\":\"https:\\\/\\\/prct.es\\\/wp-content\\\/uploads\\\/2023\\\/06\\\/cropped-cropped-cropped-Logo-Professional-Cleaning-Tools-copia-1-2.jpg\",\"contentUrl\":\"https:\\\/\\\/prct.es\\\/wp-content\\\/uploads\\\/2023\\\/06\\\/cropped-cropped-cropped-Logo-Professional-Cleaning-Tools-copia-1-2.jpg\",\"width\":512,\"height\":512,\"caption\":\"PROFESSIONAL CLEANING TOOLS, SL\"},\"image\":{\"@id\":\"https:\\\/\\\/prct.es\\\/#\\\/schema\\\/logo\\\/image\\\/\"},\"sameAs\":[\"https:\\\/\\\/www.instagram.com\\\/professionalcleaningtools\\\/\",\"https:\\\/\\\/www.youtube.com\\\/@ProfessionalCleaningTools\",\"https:\\\/\\\/www.facebook.com\\\/profile.php?id=61556976555601\"]}]}<\/script>\n<!-- \/ Yoast SEO plugin. -->","yoast_head_json":{"title":"Servicio Asistencia T\u00e9cnica - PROFESSIONAL CLEANING TOOLS, SL","description":"Realizamos la revisi\u00f3n de tu m\u00e1quina, verificando todos los puntos vitales y solucionando las aver\u00edas antes de que se puedan producir.","robots":{"index":"index","follow":"follow","max-snippet":"max-snippet:-1","max-image-preview":"max-image-preview:large","max-video-preview":"max-video-preview:-1"},"canonical":"https:\/\/www.youtube.com\/@ProfessionalCleaningTools","og_locale":"es_ES","og_type":"article","og_title":"Servicio Asistencia T\u00e9cnica - PROFESSIONAL CLEANING TOOLS, SL","og_description":"Realizamos la revisi\u00f3n de tu m\u00e1quina, verificando todos los puntos vitales y solucionando las aver\u00edas antes de que se puedan producir.","og_url":"https:\/\/www.youtube.com\/@ProfessionalCleaningTools","og_site_name":"PROFESSIONAL CLEANING TOOLS, SL","article_modified_time":"2024-11-15T10:16:20+00:00","og_image":[{"width":460,"height":415,"url":"https:\/\/prct.es\/wp-content\/uploads\/2024\/03\/Maquina-Fregadora-T55-5.png","type":"image\/png"}],"twitter_card":"summary_large_image","twitter_misc":{"Tiempo de lectura":"2 minutos"},"schema":{"@context":"https:\/\/schema.org","@graph":[{"@type":"WebPage","@id":"https:\/\/prct.es\/?page_id=71","url":"https:\/\/www.youtube.com\/@ProfessionalCleaningTools","name":"Servicio Asistencia T\u00e9cnica - PROFESSIONAL CLEANING TOOLS, SL","isPartOf":{"@id":"https:\/\/prct.es\/#website"},"primaryImageOfPage":{"@id":"https:\/\/www.youtube.com\/@ProfessionalCleaningTools#primaryimage"},"image":{"@id":"https:\/\/www.youtube.com\/@ProfessionalCleaningTools#primaryimage"},"thumbnailUrl":"https:\/\/prct.es\/wp-content\/uploads\/2024\/03\/Maquina-Fregadora-T55-5.png","datePublished":"2023-06-06T16:53:07+00:00","dateModified":"2024-11-15T10:16:20+00:00","description":"Realizamos la revisi\u00f3n de tu m\u00e1quina, verificando todos los puntos vitales y solucionando las aver\u00edas antes de que se puedan producir.","breadcrumb":{"@id":"https:\/\/www.youtube.com\/@ProfessionalCleaningTools#breadcrumb"},"inLanguage":"es","potentialAction":[{"@type":"ReadAction","target":["https:\/\/www.youtube.com\/@ProfessionalCleaningTools"]}]},{"@type":"ImageObject","inLanguage":"es","@id":"https:\/\/www.youtube.com\/@ProfessionalCleaningTools#primaryimage","url":"https:\/\/prct.es\/wp-content\/uploads\/2024\/03\/Maquina-Fregadora-T55-5.png","contentUrl":"https:\/\/prct.es\/wp-content\/uploads\/2024\/03\/Maquina-Fregadora-T55-5.png","width":460,"height":415,"caption":"Reparaci\u00f3n de M\u00e1quina Fregadora"},{"@type":"BreadcrumbList","@id":"https:\/\/www.youtube.com\/@ProfessionalCleaningTools#breadcrumb","itemListElement":[{"@type":"ListItem","position":1,"name":"Venta de M\u00e1quinas Fregadoras para Suelo","item":"https:\/\/prct.es\/"},{"@type":"ListItem","position":2,"name":"Servicio Asistencia T\u00e9cnica"}]},{"@type":"WebSite","@id":"https:\/\/prct.es\/#website","url":"https:\/\/prct.es\/","name":"PROFESSIONAL CLEANING TOOLS, SL","description":"M\u00e1quinas Fregadoras","publisher":{"@id":"https:\/\/prct.es\/#organization"},"alternateName":"Reparaci\u00f3n M\u00e1quinas Fregadoras","potentialAction":[{"@type":"SearchAction","target":{"@type":"EntryPoint","urlTemplate":"https:\/\/prct.es\/?s={search_term_string}"},"query-input":{"@type":"PropertyValueSpecification","valueRequired":true,"valueName":"search_term_string"}}],"inLanguage":"es"},{"@type":"Organization","@id":"https:\/\/prct.es\/#organization","name":"PROFESSIONAL CLEANING TOOLS, SL","url":"https:\/\/prct.es\/","logo":{"@type":"ImageObject","inLanguage":"es","@id":"https:\/\/prct.es\/#\/schema\/logo\/image\/","url":"https:\/\/prct.es\/wp-content\/uploads\/2023\/06\/cropped-cropped-cropped-Logo-Professional-Cleaning-Tools-copia-1-2.jpg","contentUrl":"https:\/\/prct.es\/wp-content\/uploads\/2023\/06\/cropped-cropped-cropped-Logo-Professional-Cleaning-Tools-copia-1-2.jpg","width":512,"height":512,"caption":"PROFESSIONAL CLEANING TOOLS, SL"},"image":{"@id":"https:\/\/prct.es\/#\/schema\/logo\/image\/"},"sameAs":["https:\/\/www.instagram.com\/professionalcleaningtools\/","https:\/\/www.youtube.com\/@ProfessionalCleaningTools","https:\/\/www.facebook.com\/profile.php?id=61556976555601"]}]}},"_links":{"self":[{"href":"https:\/\/prct.es\/index.php?rest_route=\/wp\/v2\/pages\/71","targetHints":{"allow":["GET"]}}],"collection":[{"href":"https:\/\/prct.es\/index.php?rest_route=\/wp\/v2\/pages"}],"about":[{"href":"https:\/\/prct.es\/index.php?rest_route=\/wp\/v2\/types\/page"}],"author":[{"embeddable":true,"href":"https:\/\/prct.es\/index.php?rest_route=\/wp\/v2\/users\/1"}],"replies":[{"embeddable":true,"href":"https:\/\/prct.es\/index.php?rest_route=%2Fwp%2Fv2%2Fcomments&post=71"}],"version-history":[{"count":12,"href":"https:\/\/prct.es\/index.php?rest_route=\/wp\/v2\/pages\/71\/revisions"}],"predecessor-version":[{"id":1701,"href":"https:\/\/prct.es\/index.php?rest_route=\/wp\/v2\/pages\/71\/revisions\/1701"}],"up":[{"embeddable":true,"href":"https:\/\/prct.es\/index.php?rest_route=\/wp\/v2\/pages\/76"}],"wp:featuredmedia":[{"embeddable":true,"href":"https:\/\/prct.es\/index.php?rest_route=\/wp\/v2\/media\/646"}],"wp:attachment":[{"href":"https:\/\/prct.es\/index.php?rest_route=%2Fwp%2Fv2%2Fmedia&parent=71"}],"curies":[{"name":"wp","href":"https:\/\/api.w.org\/{rel}","templated":true}]}}